{"id":861,"date":"2015-08-25T10:50:32","date_gmt":"2015-08-25T09:50:32","guid":{"rendered":"http:\/\/www.ksw-tae.pl\/?page_id=861"},"modified":"2024-08-20T08:34:06","modified_gmt":"2024-08-20T07:34:06","slug":"cennik","status":"publish","type":"page","link":"https:\/\/www.ksw-tae.pl\/?page_id=861","title":{"rendered":"CENNIK ZAJ\u0118\u0106"},"content":{"rendered":"<h2><span style=\"color: #ff6600;\">Cennik obowi\u0105zuje od dn. 2.09.2024 roku.<\/span><\/h2>\n<h2><span style=\"color: #0000ff;\">Sulej\u00f3wek :<\/span><\/h2>\n<h2><span style=\"color: #0000ff;\">Op\u0142ata miesi\u0119czna za zaj\u0119cia 2x w tygodniu wynosi 200 z\u0142<br \/>\n<\/span><\/h2>\n<h2><span style=\"color: #0000ff;\">Op\u0142ata miesi\u0119czna za zaj\u0119cia 1x w tygodniu wynosi 160 z\u0142<\/span><\/h2>\n<h2><span style=\"color: #0000ff;\">Wej\u015bcie jednorazowe 40 z\u0142<\/span><\/h2>\n<h2><span style=\"color: #0000ff;\">Treningi personalne od 130 z\u0142 <\/span><\/h2>\n<h2><span style=\"color: #0000ff;\">Wpisowe- op\u0142ata cz\u0142onkowska 100z\u0142<br \/>\n<\/span><\/h2>\n<h2><span style=\"color: #0000ff;\">Zni\u017cki dla kolejnej osoby trenuj\u0105cej z rodziny<\/span><\/h2>\n<h2><span style=\"color: #99cc00;\">D\u0119be Wielkie:<\/span><\/h2>\n<h2><span style=\"color: #99cc00;\">Zaj\u0119cia w Szkole Podstawowej w\u00a0 D\u0119bem Wielkim<\/span><\/h2>\n<h2><span style=\"color: #99cc00;\">90z\u0142\/mc<\/span><\/h2>\n","protected":false},"excerpt":{"rendered":"<p>Cennik obowi\u0105zuje od dn. 2.09.2024 roku. Sulej\u00f3wek : Op\u0142ata miesi\u0119czna za zaj\u0119cia 2x w tygodniu wynosi 200 z\u0142 Op\u0142ata miesi\u0119czna za zaj\u0119cia 1x w tygodniu wynosi 160 z\u0142 Wej\u015bcie jednorazowe 40 z\u0142 Treningi personalne od 130 z\u0142 Wpisowe- op\u0142ata cz\u0142onkowska&#8230;<br \/><a class=\"read-more-button\" href=\"https:\/\/www.ksw-tae.pl\/?page_id=861\">Read more<\/a><\/p>\n","protected":false},"author":1,"featured_media":0,"parent":101,"menu_order":1,"comment_status":"closed","ping_status":"closed","template":"","meta":{"om_disable_all_campaigns":false,"_monsterinsights_skip_tracking":false,"_monsterinsights_sitenote_active":false,"_monsterinsights_sitenote_note":"","_monsterinsights_sitenote_category":0,"footnotes":""},"class_list":["post-861","page","type-page","status-publish","hentry"],"aioseo_notices":[],"_links":{"self":[{"href":"https:\/\/www.ksw-tae.pl\/index.php?rest_route=\/wp\/v2\/pages\/861","targetHints":{"allow":["GET"]}}],"collection":[{"href":"https:\/\/www.ksw-tae.pl\/index.php?rest_route=\/wp\/v2\/pages"}],"about":[{"href":"https:\/\/www.ksw-tae.pl\/index.php?rest_route=\/wp\/v2\/types\/page"}],"author":[{"embeddable":true,"href":"https:\/\/www.ksw-tae.pl\/index.php?rest_route=\/wp\/v2\/users\/1"}],"replies":[{"embeddable":true,"href":"https:\/\/www.ksw-tae.pl\/index.php?rest_route=%2Fwp%2Fv2%2Fcomments&post=861"}],"version-history":[{"count":15,"href":"https:\/\/www.ksw-tae.pl\/index.php?rest_route=\/wp\/v2\/pages\/861\/revisions"}],"predecessor-version":[{"id":2710,"href":"https:\/\/www.ksw-tae.pl\/index.php?rest_route=\/wp\/v2\/pages\/861\/revisions\/2710"}],"up":[{"embeddable":true,"href":"https:\/\/www.ksw-tae.pl\/index.php?rest_route=\/wp\/v2\/pages\/101"}],"wp:attachment":[{"href":"https:\/\/www.ksw-tae.pl\/index.php?rest_route=%2Fwp%2Fv2%2Fmedia&parent=861"}],"curies":[{"name":"wp","href":"https:\/\/api.w.org\/{rel}","templated":true}]}}