{"id":83,"date":"2015-01-31T13:40:13","date_gmt":"2015-01-31T13:40:13","guid":{"rendered":"http:\/\/www.ksw-tae.pl?page_id=83"},"modified":"2018-08-26T16:13:08","modified_gmt":"2018-08-26T15:13:08","slug":"kontakt","status":"publish","type":"page","link":"https:\/\/www.ksw-tae.pl\/?page_id=83","title":{"rendered":"KONTAKT"},"content":{"rendered":"<h3><span style=\"color: #000000;\">KLUB SPORTOWY TAE- siedziba Klubu<\/span><\/h3>\n<p>&nbsp;<\/p>\n<p><span style=\"color: #000000;\"><strong>Prezes Klubu\/Trener &#8211;<\/strong> Bart\u0142omiej Turczy\u0144ski, tel. 503-726-142<\/span><\/p>\n<p>Sekretariat, sprawy organizacyjne, grafik, p\u0142atno\u015bci &#8211; Ewelina Turczy\u0144ska, tel. 694-161-993<\/p>\n<p><span style=\"color: #000000;\"><strong>e-mail:<\/strong> ksw-tae@wp.pl<\/span><\/p>\n<p><span style=\"color: #000000;\"><strong>adres zaj\u0119\u0107:<\/strong> ul. Bema 13, I p. 05-071 Sulej\u00f3wek<\/span><\/p>\n<p>&nbsp;<\/p>\n","protected":false},"excerpt":{"rendered":"<p>KLUB SPORTOWY TAE- siedziba Klubu &nbsp; Prezes Klubu\/Trener &#8211; Bart\u0142omiej Turczy\u0144ski, tel. 503-726-142 Sekretariat, sprawy organizacyjne, grafik, p\u0142atno\u015bci &#8211; Ewelina Turczy\u0144ska, tel. 694-161-993 e-mail: ksw-tae@wp.pl adres zaj\u0119\u0107: ul. Bema 13, I p. 05-071 Sulej\u00f3wek &nbsp;<\/p>\n","protected":false},"author":1,"featured_media":0,"parent":0,"menu_order":8,"comment_status":"closed","ping_status":"closed","template":"","meta":{"om_disable_all_campaigns":false,"_monsterinsights_skip_tracking":false,"_monsterinsights_sitenote_active":false,"_monsterinsights_sitenote_note":"","_monsterinsights_sitenote_category":0,"footnotes":""},"class_list":["post-83","page","type-page","status-publish","hentry"],"aioseo_notices":[],"_links":{"self":[{"href":"https:\/\/www.ksw-tae.pl\/index.php?rest_route=\/wp\/v2\/pages\/83","targetHints":{"allow":["GET"]}}],"collection":[{"href":"https:\/\/www.ksw-tae.pl\/index.php?rest_route=\/wp\/v2\/pages"}],"about":[{"href":"https:\/\/www.ksw-tae.pl\/index.php?rest_route=\/wp\/v2\/types\/page"}],"author":[{"embeddable":true,"href":"https:\/\/www.ksw-tae.pl\/index.php?rest_route=\/wp\/v2\/users\/1"}],"replies":[{"embeddable":true,"href":"https:\/\/www.ksw-tae.pl\/index.php?rest_route=%2Fwp%2Fv2%2Fcomments&post=83"}],"version-history":[{"count":17,"href":"https:\/\/www.ksw-tae.pl\/index.php?rest_route=\/wp\/v2\/pages\/83\/revisions"}],"predecessor-version":[{"id":2393,"href":"https:\/\/www.ksw-tae.pl\/index.php?rest_route=\/wp\/v2\/pages\/83\/revisions\/2393"}],"wp:attachment":[{"href":"https:\/\/www.ksw-tae.pl\/index.php?rest_route=%2Fwp%2Fv2%2Fmedia&parent=83"}],"curies":[{"name":"wp","href":"https:\/\/api.w.org\/{rel}","templated":true}]}}