{"id":415,"date":"2015-02-09T15:05:52","date_gmt":"2015-02-09T14:05:52","guid":{"rendered":"http:\/\/www.ksw-tae.pl?page_id=415"},"modified":"2018-08-26T18:45:47","modified_gmt":"2018-08-26T17:45:47","slug":"dzieci","status":"publish","type":"page","link":"https:\/\/www.ksw-tae.pl\/?page_id=415","title":{"rendered":"ZAJ\u0118CIA DLA DZIECI"},"content":{"rendered":"<p><span style=\"color: #000000;\">Dla dzieci w wieku 6-12 lat prowadzimy zaj\u0119cia z taekwondo olimpijskiego.<strong><br \/>\n<\/strong><\/span><\/p>\n<p><span style=\"color: #000000;\"><strong>PODCZAS ZAJ\u0118\u0106:<\/strong><\/span><\/p>\n<ul>\n<li><span style=\"color: #000000;\">wyrabiamy pozytywn\u0105 postaw\u0119 w stosunku do aktywno\u015bci fizycznej, \u201ezara\u017camy\u201d optymizmem oraz rado\u015bci\u0105 z mo\u017cliwo\u015bci wykonywania zada\u0144 ruchowych,<\/span><\/li>\n<\/ul>\n<ul>\n<li><span style=\"color: #000000;\">wykonujemy \u0107wiczenia og\u00f3lnorozwojowe z naciskiem na prawid\u0142ow\u0105 postaw\u0119 cia\u0142a dziecka,<\/span><\/li>\n<\/ul>\n<ul>\n<li><span style=\"color: #000000;\">wp\u0142ywamy na korekcje wad postawy,<\/span><\/li>\n<\/ul>\n<ul>\n<li><span style=\"color: #000000;\">poznajemy sztuk\u0119 walki, oraz jej pozytywny wp\u0142yw na zdrowie,<\/span><\/li>\n<\/ul>\n<ul>\n<li><span style=\"color: #000000;\">kszta\u0142tujemy og\u00f3ln\u0105 sprawno\u015b\u0107 fizyczn\u0105,<\/span><\/li>\n<\/ul>\n<ul>\n<li><span style=\"color: #000000;\">\u0107wiczymy na profesjonalnym sprz\u0119cie treningowym dostosowanym do wieku dziecka,<\/span><\/li>\n<\/ul>\n<ul>\n<li><span style=\"color: #000000;\">gramy i bawimy si\u0119 \u0142\u0105cz\u0105c to w r\u00f3\u017cne formy rywalizacji oraz wsp\u00f3\u0142zawodnictwa,<\/span><\/li>\n<\/ul>\n<ul>\n<li><span style=\"color: #000000;\">prowadzimy trening walki sportowej oraz bierzemy udzia\u0142 w zawodach,<\/span><\/li>\n<\/ul>\n<ul>\n<li><span style=\"color: #000000;\">zdajemy cykliczne egzaminy na stopnie wyszkolenia dzi\u0119ki temu stajemy si\u0119 coraz lepsi i bardziej zmotywowani,<\/span><\/li>\n<li>uczymy zasad etycznych taekwondo wed\u0142ug mistrza <a title=\"Choi Hong-hi\" href=\"https:\/\/pl.wikipedia.org\/wiki\/Choi_Hong-hi\">Choi Hong-hi<\/a>:<\/li>\n<\/ul>\n<ol>\n<li>grzeczno\u015b\u0107, uprzejmo\u015b\u0107 (korea\u0144skie <i>yeui<\/i>)<\/li>\n<li>rzetelno\u015b\u0107, uczciwo\u015b\u0107 (korea\u0144skie <i>yomchi<\/i>)<\/li>\n<li>wytrwa\u0142o\u015b\u0107 (korea\u0144skie <i>innae<\/i>)<\/li>\n<li>samokontrola, opanowanie (korea\u0144skie <i>gukgi<\/i>)<\/li>\n<li>nieugi\u0119ty duch, odwaga (korea\u0144skie <i>baekjul boolgool<\/i>)<\/li>\n<\/ol>\n<p>Zaj\u0119cia prowadzi trener mgr Bart\u0142omiej Turczy\u0144ski, absolwent AWF Pozna\u0144, pedagog, licencjonowany instruktor taekwondo olimpijskiego, instruktor gimnastyki korekcyjnej z elementami rehabilitacji.<\/p>\n<p><a href=\"https:\/\/www.ksw-tae.pl\/wp-content\/uploads\/2015\/02\/20151007_174409-e1459274753399.jpg\"><img loading=\"lazy\" decoding=\"async\" class=\"alignleft wp-image-2072\" src=\"https:\/\/www.ksw-tae.pl\/wp-content\/uploads\/2015\/02\/20160919_161040-1024x576.jpg\" alt=\"\" width=\"505\" height=\"284\" srcset=\"https:\/\/www.ksw-tae.pl\/wp-content\/uploads\/2015\/02\/20160919_161040-1024x576.jpg 1024w, https:\/\/www.ksw-tae.pl\/wp-content\/uploads\/2015\/02\/20160919_161040-300x169.jpg 300w, https:\/\/www.ksw-tae.pl\/wp-content\/uploads\/2015\/02\/20160919_161040-768x432.jpg 768w, https:\/\/www.ksw-tae.pl\/wp-content\/uploads\/2015\/02\/20160919_161040-1170x658.jpg 1170w\" sizes=\"auto, (max-width: 505px) 100vw, 505px\" \/><img loading=\"lazy\" decoding=\"async\" class=\"alignleft wp-image-2067\" src=\"https:\/\/www.ksw-tae.pl\/wp-content\/uploads\/2015\/02\/DSC03681-1024x683.jpg\" alt=\"\" width=\"504\" height=\"336\" srcset=\"https:\/\/www.ksw-tae.pl\/wp-content\/uploads\/2015\/02\/DSC03681-1024x683.jpg 1024w, https:\/\/www.ksw-tae.pl\/wp-content\/uploads\/2015\/02\/DSC03681-300x200.jpg 300w, https:\/\/www.ksw-tae.pl\/wp-content\/uploads\/2015\/02\/DSC03681-768x512.jpg 768w, https:\/\/www.ksw-tae.pl\/wp-content\/uploads\/2015\/02\/DSC03681-1170x780.jpg 1170w\" sizes=\"auto, (max-width: 504px) 100vw, 504px\" \/><img loading=\"lazy\" decoding=\"async\" class=\"alignleft wp-image-2070\" src=\"https:\/\/www.ksw-tae.pl\/wp-content\/uploads\/2015\/02\/DSC01285-1024x683.jpg\" alt=\"\" width=\"503\" height=\"335\" srcset=\"https:\/\/www.ksw-tae.pl\/wp-content\/uploads\/2015\/02\/DSC01285-1024x683.jpg 1024w, https:\/\/www.ksw-tae.pl\/wp-content\/uploads\/2015\/02\/DSC01285-300x200.jpg 300w, https:\/\/www.ksw-tae.pl\/wp-content\/uploads\/2015\/02\/DSC01285-768x512.jpg 768w, https:\/\/www.ksw-tae.pl\/wp-content\/uploads\/2015\/02\/DSC01285-1170x780.jpg 1170w\" sizes=\"auto, (max-width: 503px) 100vw, 503px\" \/><img loading=\"lazy\" decoding=\"async\" class=\"alignleft wp-image-2068\" src=\"https:\/\/www.ksw-tae.pl\/wp-content\/uploads\/2015\/02\/DSC03735-1024x683.jpg\" alt=\"\" width=\"503\" height=\"335\" srcset=\"https:\/\/www.ksw-tae.pl\/wp-content\/uploads\/2015\/02\/DSC03735-1024x683.jpg 1024w, https:\/\/www.ksw-tae.pl\/wp-content\/uploads\/2015\/02\/DSC03735-300x200.jpg 300w, https:\/\/www.ksw-tae.pl\/wp-content\/uploads\/2015\/02\/DSC03735-768x512.jpg 768w, https:\/\/www.ksw-tae.pl\/wp-content\/uploads\/2015\/02\/DSC03735-1170x780.jpg 1170w\" sizes=\"auto, (max-width: 503px) 100vw, 503px\" \/><img loading=\"lazy\" decoding=\"async\" class=\"alignleft wp-image-2044\" src=\"https:\/\/www.ksw-tae.pl\/wp-content\/uploads\/2017\/07\/19665222_705937392939889_8816674100245827727_n.jpg\" alt=\"\" width=\"503\" height=\"335\" srcset=\"https:\/\/www.ksw-tae.pl\/wp-content\/uploads\/2017\/07\/19665222_705937392939889_8816674100245827727_n.jpg 960w, https:\/\/www.ksw-tae.pl\/wp-content\/uploads\/2017\/07\/19665222_705937392939889_8816674100245827727_n-300x200.jpg 300w, https:\/\/www.ksw-tae.pl\/wp-content\/uploads\/2017\/07\/19665222_705937392939889_8816674100245827727_n-768x512.jpg 768w\" sizes=\"auto, (max-width: 503px) 100vw, 503px\" \/><\/a><\/p>\n<p><span style=\"color: #000000;\"><a style=\"color: #000000;\" href=\"https:\/\/www.ksw-tae.pl\/wp-content\/uploads\/2015\/02\/12735956_10208450713493467_1795278835_n.jpg\"><img loading=\"lazy\" decoding=\"async\" class=\"alignleft size-full wp-image-1222\" src=\"https:\/\/www.ksw-tae.pl\/wp-content\/uploads\/2015\/02\/12735956_10208450713493467_1795278835_n.jpg\" alt=\"12735956_10208450713493467_1795278835_n\" width=\"960\" height=\"960\" srcset=\"https:\/\/www.ksw-tae.pl\/wp-content\/uploads\/2015\/02\/12735956_10208450713493467_1795278835_n.jpg 960w, https:\/\/www.ksw-tae.pl\/wp-content\/uploads\/2015\/02\/12735956_10208450713493467_1795278835_n-150x150.jpg 150w, https:\/\/www.ksw-tae.pl\/wp-content\/uploads\/2015\/02\/12735956_10208450713493467_1795278835_n-300x300.jpg 300w, https:\/\/www.ksw-tae.pl\/wp-content\/uploads\/2015\/02\/12735956_10208450713493467_1795278835_n-1x1.jpg 1w\" sizes=\"auto, (max-width: 960px) 100vw, 960px\" \/><\/a><\/span><\/p>\n","protected":false},"excerpt":{"rendered":"<p>Dla dzieci w wieku 6-12 lat prowadzimy zaj\u0119cia z taekwondo olimpijskiego. PODCZAS ZAJ\u0118\u0106: wyrabiamy pozytywn\u0105 postaw\u0119 w stosunku do aktywno\u015bci fizycznej, \u201ezara\u017camy\u201d optymizmem oraz rado\u015bci\u0105 z mo\u017cliwo\u015bci wykonywania zada\u0144 ruchowych, wykonujemy \u0107wiczenia og\u00f3lnorozwojowe z naciskiem na prawid\u0142ow\u0105 postaw\u0119 cia\u0142a dziecka,&#8230;<br \/><a class=\"read-more-button\" href=\"https:\/\/www.ksw-tae.pl\/?page_id=415\">Read more<\/a><\/p>\n","protected":false},"author":1,"featured_media":0,"parent":101,"menu_order":3,"comment_status":"closed","ping_status":"closed","template":"","meta":{"om_disable_all_campaigns":false,"_monsterinsights_skip_tracking":false,"_monsterinsights_sitenote_active":false,"_monsterinsights_sitenote_note":"","_monsterinsights_sitenote_category":0,"footnotes":""},"class_list":["post-415","page","type-page","status-publish","hentry"],"aioseo_notices":[],"_links":{"self":[{"href":"https:\/\/www.ksw-tae.pl\/index.php?rest_route=\/wp\/v2\/pages\/415","targetHints":{"allow":["GET"]}}],"collection":[{"href":"https:\/\/www.ksw-tae.pl\/index.php?rest_route=\/wp\/v2\/pages"}],"about":[{"href":"https:\/\/www.ksw-tae.pl\/index.php?rest_route=\/wp\/v2\/types\/page"}],"author":[{"embeddable":true,"href":"https:\/\/www.ksw-tae.pl\/index.php?rest_route=\/wp\/v2\/users\/1"}],"replies":[{"embeddable":true,"href":"https:\/\/www.ksw-tae.pl\/index.php?rest_route=%2Fwp%2Fv2%2Fcomments&post=415"}],"version-history":[{"count":17,"href":"https:\/\/www.ksw-tae.pl\/index.php?rest_route=\/wp\/v2\/pages\/415\/revisions"}],"predecessor-version":[{"id":2436,"href":"https:\/\/www.ksw-tae.pl\/index.php?rest_route=\/wp\/v2\/pages\/415\/revisions\/2436"}],"up":[{"embeddable":true,"href":"https:\/\/www.ksw-tae.pl\/index.php?rest_route=\/wp\/v2\/pages\/101"}],"wp:attachment":[{"href":"https:\/\/www.ksw-tae.pl\/index.php?rest_route=%2Fwp%2Fv2%2Fmedia&parent=415"}],"curies":[{"name":"wp","href":"https:\/\/api.w.org\/{rel}","templated":true}]}}