{"id":400,"date":"2015-02-09T14:47:52","date_gmt":"2015-02-09T13:47:52","guid":{"rendered":"http:\/\/www.ksw-tae.pl?page_id=400"},"modified":"2023-02-26T16:39:48","modified_gmt":"2023-02-26T15:39:48","slug":"przedszkolaki","status":"publish","type":"page","link":"https:\/\/www.ksw-tae.pl\/?page_id=400","title":{"rendered":"ZAJ\u0118CIA DLA PRZEDSZKOLAK\u00d3W"},"content":{"rendered":"<p><span style=\"color: #000000;\">W Klubie prowadzimy zaj\u0119cia dla przedszkolak\u00f3w w wieku od 3 roku \u017cycia.<\/span><\/p>\n<h3><span style=\"color: #000000;\"><strong>PODCZAS ZAJ\u0118\u0106:<\/strong><\/span><\/h3>\n<ul>\n<li>uczymy si\u0119 zasad taekwondo,<\/li>\n<li>\u0107wiczymy urozmaicaj\u0105c techniki sztuki walki elementami gimnastyki korekcyjnej,<\/li>\n<li><span style=\"color: #000000;\">uczymy si\u0119 podstawowych technik sztuki walki,<\/span><\/li>\n<li><span style=\"color: #000000;\">dobieramy metody i formy \u0107wicze\u0144 odpowiednio do wieku dziecka. Trening\u00a0 prowadzony jest z naciskiem na prawid\u0142ow\u0105\u00a0 postaw\u0119 , wszechstronny rozw\u00f3j oraz korekcj\u0119 wad postawy,<\/span><\/li>\n<li><span style=\"color: #000000;\">wspomagamy \u0107wiczeniami rozw\u00f3j\u00a0 fizyczny i emocjonalny najm\u0142odszych,<\/span><\/li>\n<li><span style=\"color: #000000;\">poprzez gry i zabawy ruchowe (dostosowane do wieku \u0107wicz\u0105cych) kszta\u0142tujemy u najm\u0142odszych cechy motoryczne jak si\u0142a, zwinno\u015b\u0107\u00a0 czy szybko\u015b\u0107,<\/span><\/li>\n<li><span style=\"color: #000000;\">uczymy najm\u0142odszych cierpliwo\u015bci, wytrwa\u0142o\u015bci i zaanga\u017cowania.<\/span><\/li>\n<li>uczymy zasad etyczne taekwondo wed\u0142ug mistrza <a title=\"Choi Hong-hi\" href=\"https:\/\/pl.wikipedia.org\/wiki\/Choi_Hong-hi\">Choi Hong-hi<\/a>:\n<ol>\n<li>grzeczno\u015b\u0107, uprzejmo\u015b\u0107 (korea\u0144skie <i>yeui<\/i>)<\/li>\n<li>rzetelno\u015b\u0107, uczciwo\u015b\u0107 (korea\u0144skie <i>yomchi<\/i>)<\/li>\n<li>wytrwa\u0142o\u015b\u0107 (korea\u0144skie <i>innae<\/i>)<\/li>\n<li>samokontrola, opanowanie (korea\u0144skie <i>gukgi<\/i>)<\/li>\n<li>nieugi\u0119ty duch, odwaga (korea\u0144skie <i>baekjul boolgool<\/i>)<\/li>\n<\/ol>\n<\/li>\n<\/ul>\n<p>Zaj\u0119cia prowadzi trener mgr Bart\u0142omiej Turczy\u0144ski, absolwent AWF Pozna\u0144, pedagog, licencjonowany instruktor taekwondo olimpijskiego stopie\u0144 2 DAN, instruktor gimnastyki korekcyjnej z elementami rehabilitacji.<\/p>\n<p><span style=\"color: #000000;\"><a style=\"color: #000000;\" href=\"https:\/\/www.ksw-tae.pl\/wp-content\/uploads\/2015\/02\/20151007_174409-e1459274753399.jpg\"><img loading=\"lazy\" decoding=\"async\" class=\"alignleft wp-image-2072\" src=\"https:\/\/www.ksw-tae.pl\/wp-content\/uploads\/2015\/02\/20160919_161040-1024x576.jpg\" alt=\"\" width=\"505\" height=\"284\" srcset=\"https:\/\/www.ksw-tae.pl\/wp-content\/uploads\/2015\/02\/20160919_161040-1024x576.jpg 1024w, https:\/\/www.ksw-tae.pl\/wp-content\/uploads\/2015\/02\/20160919_161040-300x169.jpg 300w, https:\/\/www.ksw-tae.pl\/wp-content\/uploads\/2015\/02\/20160919_161040-768x432.jpg 768w, https:\/\/www.ksw-tae.pl\/wp-content\/uploads\/2015\/02\/20160919_161040-1170x658.jpg 1170w\" sizes=\"auto, (max-width: 505px) 100vw, 505px\" \/><img loading=\"lazy\" decoding=\"async\" class=\"alignleft wp-image-2067\" src=\"https:\/\/www.ksw-tae.pl\/wp-content\/uploads\/2015\/02\/DSC03681-1024x683.jpg\" alt=\"\" width=\"504\" height=\"336\" srcset=\"https:\/\/www.ksw-tae.pl\/wp-content\/uploads\/2015\/02\/DSC03681-1024x683.jpg 1024w, https:\/\/www.ksw-tae.pl\/wp-content\/uploads\/2015\/02\/DSC03681-300x200.jpg 300w, https:\/\/www.ksw-tae.pl\/wp-content\/uploads\/2015\/02\/DSC03681-768x512.jpg 768w, https:\/\/www.ksw-tae.pl\/wp-content\/uploads\/2015\/02\/DSC03681-1170x780.jpg 1170w\" sizes=\"auto, (max-width: 504px) 100vw, 504px\" \/><img loading=\"lazy\" decoding=\"async\" class=\"alignleft wp-image-2070\" src=\"https:\/\/www.ksw-tae.pl\/wp-content\/uploads\/2015\/02\/DSC01285-1024x683.jpg\" alt=\"\" width=\"503\" height=\"335\" srcset=\"https:\/\/www.ksw-tae.pl\/wp-content\/uploads\/2015\/02\/DSC01285-1024x683.jpg 1024w, https:\/\/www.ksw-tae.pl\/wp-content\/uploads\/2015\/02\/DSC01285-300x200.jpg 300w, https:\/\/www.ksw-tae.pl\/wp-content\/uploads\/2015\/02\/DSC01285-768x512.jpg 768w, https:\/\/www.ksw-tae.pl\/wp-content\/uploads\/2015\/02\/DSC01285-1170x780.jpg 1170w\" sizes=\"auto, (max-width: 503px) 100vw, 503px\" \/><img loading=\"lazy\" decoding=\"async\" class=\"alignleft wp-image-2068\" src=\"https:\/\/www.ksw-tae.pl\/wp-content\/uploads\/2015\/02\/DSC03735-1024x683.jpg\" alt=\"\" width=\"503\" height=\"335\" srcset=\"https:\/\/www.ksw-tae.pl\/wp-content\/uploads\/2015\/02\/DSC03735-1024x683.jpg 1024w, https:\/\/www.ksw-tae.pl\/wp-content\/uploads\/2015\/02\/DSC03735-300x200.jpg 300w, https:\/\/www.ksw-tae.pl\/wp-content\/uploads\/2015\/02\/DSC03735-768x512.jpg 768w, https:\/\/www.ksw-tae.pl\/wp-content\/uploads\/2015\/02\/DSC03735-1170x780.jpg 1170w\" sizes=\"auto, (max-width: 503px) 100vw, 503px\" \/><img loading=\"lazy\" decoding=\"async\" class=\"alignleft wp-image-2044\" src=\"https:\/\/www.ksw-tae.pl\/wp-content\/uploads\/2017\/07\/19665222_705937392939889_8816674100245827727_n.jpg\" alt=\"\" width=\"503\" height=\"335\" srcset=\"https:\/\/www.ksw-tae.pl\/wp-content\/uploads\/2017\/07\/19665222_705937392939889_8816674100245827727_n.jpg 960w, https:\/\/www.ksw-tae.pl\/wp-content\/uploads\/2017\/07\/19665222_705937392939889_8816674100245827727_n-300x200.jpg 300w, https:\/\/www.ksw-tae.pl\/wp-content\/uploads\/2017\/07\/19665222_705937392939889_8816674100245827727_n-768x512.jpg 768w\" sizes=\"auto, (max-width: 503px) 100vw, 503px\" \/><\/a><\/span><\/p>\n","protected":false},"excerpt":{"rendered":"<p>W Klubie prowadzimy zaj\u0119cia dla przedszkolak\u00f3w w wieku od 3 roku \u017cycia. PODCZAS ZAJ\u0118\u0106: uczymy si\u0119 zasad taekwondo, \u0107wiczymy urozmaicaj\u0105c techniki sztuki walki elementami gimnastyki korekcyjnej, uczymy si\u0119 podstawowych technik sztuki walki, dobieramy metody i formy \u0107wicze\u0144 odpowiednio do wieku&#8230;<br \/><a class=\"read-more-button\" href=\"https:\/\/www.ksw-tae.pl\/?page_id=400\">Read more<\/a><\/p>\n","protected":false},"author":1,"featured_media":0,"parent":101,"menu_order":2,"comment_status":"closed","ping_status":"closed","template":"","meta":{"om_disable_all_campaigns":false,"_monsterinsights_skip_tracking":false,"_monsterinsights_sitenote_active":false,"_monsterinsights_sitenote_note":"","_monsterinsights_sitenote_category":0,"footnotes":""},"class_list":["post-400","page","type-page","status-publish","hentry"],"aioseo_notices":[],"_links":{"self":[{"href":"https:\/\/www.ksw-tae.pl\/index.php?rest_route=\/wp\/v2\/pages\/400","targetHints":{"allow":["GET"]}}],"collection":[{"href":"https:\/\/www.ksw-tae.pl\/index.php?rest_route=\/wp\/v2\/pages"}],"about":[{"href":"https:\/\/www.ksw-tae.pl\/index.php?rest_route=\/wp\/v2\/types\/page"}],"author":[{"embeddable":true,"href":"https:\/\/www.ksw-tae.pl\/index.php?rest_route=\/wp\/v2\/users\/1"}],"replies":[{"embeddable":true,"href":"https:\/\/www.ksw-tae.pl\/index.php?rest_route=%2Fwp%2Fv2%2Fcomments&post=400"}],"version-history":[{"count":28,"href":"https:\/\/www.ksw-tae.pl\/index.php?rest_route=\/wp\/v2\/pages\/400\/revisions"}],"predecessor-version":[{"id":2683,"href":"https:\/\/www.ksw-tae.pl\/index.php?rest_route=\/wp\/v2\/pages\/400\/revisions\/2683"}],"up":[{"embeddable":true,"href":"https:\/\/www.ksw-tae.pl\/index.php?rest_route=\/wp\/v2\/pages\/101"}],"wp:attachment":[{"href":"https:\/\/www.ksw-tae.pl\/index.php?rest_route=%2Fwp%2Fv2%2Fmedia&parent=400"}],"curies":[{"name":"wp","href":"https:\/\/api.w.org\/{rel}","templated":true}]}}