{"id":371,"date":"2015-02-06T17:01:49","date_gmt":"2015-02-06T16:01:49","guid":{"rendered":"http:\/\/www.ksw-tae.pl?page_id=371"},"modified":"2025-11-06T10:06:53","modified_gmt":"2025-11-06T09:06:53","slug":"plan-zajec","status":"publish","type":"page","link":"https:\/\/www.ksw-tae.pl\/?page_id=371","title":{"rendered":"GRAFIK ZAJ\u0118\u0106 na rok 2025\/2026"},"content":{"rendered":"\n<h2 class=\"wp-block-heading\">   Sulej\u00f3wek ul. Bema 13<\/h2>\n\n\n\n<figure class=\"wp-block-gallery has-nested-images columns-default is-cropped wp-block-gallery-1 is-layout-flex wp-block-gallery-is-layout-flex\">\n<figure class=\"wp-block-image size-large\"><img loading=\"lazy\" decoding=\"async\" width=\"1024\" height=\"726\" data-id=\"2744\" src=\"https:\/\/www.ksw-tae.pl\/wp-content\/uploads\/2025\/11\/IMG_6899-1024x726.jpg\" alt=\"\" class=\"wp-image-2744\" srcset=\"https:\/\/www.ksw-tae.pl\/wp-content\/uploads\/2025\/11\/IMG_6899-1024x726.jpg 1024w, https:\/\/www.ksw-tae.pl\/wp-content\/uploads\/2025\/11\/IMG_6899-300x213.jpg 300w, https:\/\/www.ksw-tae.pl\/wp-content\/uploads\/2025\/11\/IMG_6899-768x545.jpg 768w, https:\/\/www.ksw-tae.pl\/wp-content\/uploads\/2025\/11\/IMG_6899-1170x830.jpg 1170w, https:\/\/www.ksw-tae.pl\/wp-content\/uploads\/2025\/11\/IMG_6899.jpg 1290w\" sizes=\"auto, (max-width: 1024px) 100vw, 1024px\" \/><\/figure>\n<\/figure>\n\n\n\n<h3 class=\"wp-block-heading has-luminous-vivid-orange-color has-text-color\"><strong>D\u0118BE WIELKIE :<br>SZKO\u0141A PODSTAWOWA W D\u0118BEM WIELKIM<br>Pi\u0105tki godz. 12:50-13:35 <\/strong><\/h3>\n","protected":false},"excerpt":{"rendered":"<p>Sulej\u00f3wek ul. Bema 13 D\u0118BE WIELKIE :SZKO\u0141A PODSTAWOWA W D\u0118BEM WIELKIMPi\u0105tki godz. 12:50-13:35<\/p>\n","protected":false},"author":1,"featured_media":0,"parent":101,"menu_order":2,"comment_status":"closed","ping_status":"closed","template":"","meta":{"om_disable_all_campaigns":false,"_monsterinsights_skip_tracking":false,"_monsterinsights_sitenote_active":false,"_monsterinsights_sitenote_note":"","_monsterinsights_sitenote_category":0,"footnotes":""},"class_list":["post-371","page","type-page","status-publish","hentry"],"aioseo_notices":[],"_links":{"self":[{"href":"https:\/\/www.ksw-tae.pl\/index.php?rest_route=\/wp\/v2\/pages\/371","targetHints":{"allow":["GET"]}}],"collection":[{"href":"https:\/\/www.ksw-tae.pl\/index.php?rest_route=\/wp\/v2\/pages"}],"about":[{"href":"https:\/\/www.ksw-tae.pl\/index.php?rest_route=\/wp\/v2\/types\/page"}],"author":[{"embeddable":true,"href":"https:\/\/www.ksw-tae.pl\/index.php?rest_route=\/wp\/v2\/users\/1"}],"replies":[{"embeddable":true,"href":"https:\/\/www.ksw-tae.pl\/index.php?rest_route=%2Fwp%2Fv2%2Fcomments&post=371"}],"version-history":[{"count":26,"href":"https:\/\/www.ksw-tae.pl\/index.php?rest_route=\/wp\/v2\/pages\/371\/revisions"}],"predecessor-version":[{"id":2745,"href":"https:\/\/www.ksw-tae.pl\/index.php?rest_route=\/wp\/v2\/pages\/371\/revisions\/2745"}],"up":[{"embeddable":true,"href":"https:\/\/www.ksw-tae.pl\/index.php?rest_route=\/wp\/v2\/pages\/101"}],"wp:attachment":[{"href":"https:\/\/www.ksw-tae.pl\/index.php?rest_route=%2Fwp%2Fv2%2Fmedia&parent=371"}],"curies":[{"name":"wp","href":"https:\/\/api.w.org\/{rel}","templated":true}]}}