{"id":2569,"date":"2019-07-29T15:22:41","date_gmt":"2019-07-29T14:22:41","guid":{"rendered":"http:\/\/www.ksw-tae.pl\/?page_id=2569"},"modified":"2019-07-29T15:27:14","modified_gmt":"2019-07-29T14:27:14","slug":"ogolnopolska-olimpiada-mlodziezy-taekwondo-olimpijskie","status":"publish","type":"page","link":"https:\/\/www.ksw-tae.pl\/?page_id=2569","title":{"rendered":"Og\u00f3lnopolska Olimpiada M\u0142odzie\u017cy Taekwondo Olimpijskie"},"content":{"rendered":"\n<p>Mi\u0142o nam poinformowa\u0107 \u017ce Kacper Krysiak podczas Mistrzostw Polski Kadet\u00f3w w Taekwondo Olimpijskim 2019 odbywaj\u0105cych si\u0119 w ramach OOM zdoby\u0142 3 miejsce w konkurencji Kyorugi &#8211; walki w kategorii wagowej + 68kg To bardzo duzy sukces tego zawodnika kt\u00f3ry w kolejnym roku startowa\u0142 b\u0119dzie ju\u017c w kat. junior\u00f3w. Gratuliujemy!!!<\/p>\n\n\n\n<figure class=\"wp-block-image\"><img loading=\"lazy\" decoding=\"async\" width=\"773\" height=\"1024\" src=\"https:\/\/www.ksw-tae.pl\/wp-content\/uploads\/2019\/07\/67620904_2342690585814784_8429841554352373760_n-1-773x1024.jpg\" alt=\"\" class=\"wp-image-2574\" srcset=\"https:\/\/www.ksw-tae.pl\/wp-content\/uploads\/2019\/07\/67620904_2342690585814784_8429841554352373760_n-1-773x1024.jpg 773w, https:\/\/www.ksw-tae.pl\/wp-content\/uploads\/2019\/07\/67620904_2342690585814784_8429841554352373760_n-1-226x300.jpg 226w, https:\/\/www.ksw-tae.pl\/wp-content\/uploads\/2019\/07\/67620904_2342690585814784_8429841554352373760_n-1-768x1018.jpg 768w, https:\/\/www.ksw-tae.pl\/wp-content\/uploads\/2019\/07\/67620904_2342690585814784_8429841554352373760_n-1-1170x1550.jpg 1170w, https:\/\/www.ksw-tae.pl\/wp-content\/uploads\/2019\/07\/67620904_2342690585814784_8429841554352373760_n-1.jpg 1449w\" sizes=\"auto, (max-width: 773px) 100vw, 773px\" \/><\/figure>\n\n\n\n<figure class=\"wp-block-image\"><img loading=\"lazy\" decoding=\"async\" width=\"1024\" height=\"768\" src=\"https:\/\/www.ksw-tae.pl\/wp-content\/uploads\/2019\/07\/67380182_2450948888471056_5456947792872210432_n-1024x768.jpg\" alt=\"\" class=\"wp-image-2570\" srcset=\"https:\/\/www.ksw-tae.pl\/wp-content\/uploads\/2019\/07\/67380182_2450948888471056_5456947792872210432_n-1024x768.jpg 1024w, https:\/\/www.ksw-tae.pl\/wp-content\/uploads\/2019\/07\/67380182_2450948888471056_5456947792872210432_n-300x225.jpg 300w, https:\/\/www.ksw-tae.pl\/wp-content\/uploads\/2019\/07\/67380182_2450948888471056_5456947792872210432_n-768x576.jpg 768w, https:\/\/www.ksw-tae.pl\/wp-content\/uploads\/2019\/07\/67380182_2450948888471056_5456947792872210432_n-1170x878.jpg 1170w, https:\/\/www.ksw-tae.pl\/wp-content\/uploads\/2019\/07\/67380182_2450948888471056_5456947792872210432_n.jpg 2040w\" sizes=\"auto, (max-width: 1024px) 100vw, 1024px\" \/><\/figure>\n\n\n\n<figure class=\"wp-block-image\"><img loading=\"lazy\" decoding=\"async\" width=\"1024\" height=\"768\" src=\"https:\/\/www.ksw-tae.pl\/wp-content\/uploads\/2019\/07\/67496712_474075593381139_6975753841983619072_n-1024x768.jpg\" alt=\"\" class=\"wp-image-2571\" srcset=\"https:\/\/www.ksw-tae.pl\/wp-content\/uploads\/2019\/07\/67496712_474075593381139_6975753841983619072_n-1024x768.jpg 1024w, https:\/\/www.ksw-tae.pl\/wp-content\/uploads\/2019\/07\/67496712_474075593381139_6975753841983619072_n-300x225.jpg 300w, https:\/\/www.ksw-tae.pl\/wp-content\/uploads\/2019\/07\/67496712_474075593381139_6975753841983619072_n-768x576.jpg 768w, https:\/\/www.ksw-tae.pl\/wp-content\/uploads\/2019\/07\/67496712_474075593381139_6975753841983619072_n-1170x878.jpg 1170w, https:\/\/www.ksw-tae.pl\/wp-content\/uploads\/2019\/07\/67496712_474075593381139_6975753841983619072_n.jpg 2040w\" sizes=\"auto, (max-width: 1024px) 100vw, 1024px\" \/><\/figure>\n","protected":false},"excerpt":{"rendered":"<p>Mi\u0142o nam poinformowa\u0107 \u017ce Kacper Krysiak podczas Mistrzostw Polski Kadet\u00f3w w Taekwondo Olimpijskim 2019 odbywaj\u0105cych si\u0119 w ramach OOM zdoby\u0142 3 miejsce w konkurencji Kyorugi &#8211; walki w kategorii wagowej + 68kg To bardzo duzy sukces tego zawodnika kt\u00f3ry w&#8230;<br \/><a class=\"read-more-button\" href=\"https:\/\/www.ksw-tae.pl\/?page_id=2569\">Read more<\/a><\/p>\n","protected":false},"author":1,"featured_media":0,"parent":2175,"menu_order":1,"comment_status":"closed","ping_status":"closed","template":"","meta":{"om_disable_all_campaigns":false,"_monsterinsights_skip_tracking":false,"_monsterinsights_sitenote_active":false,"_monsterinsights_sitenote_note":"","_monsterinsights_sitenote_category":0,"footnotes":""},"class_list":["post-2569","page","type-page","status-publish","hentry"],"aioseo_notices":[],"_links":{"self":[{"href":"https:\/\/www.ksw-tae.pl\/index.php?rest_route=\/wp\/v2\/pages\/2569","targetHints":{"allow":["GET"]}}],"collection":[{"href":"https:\/\/www.ksw-tae.pl\/index.php?rest_route=\/wp\/v2\/pages"}],"about":[{"href":"https:\/\/www.ksw-tae.pl\/index.php?rest_route=\/wp\/v2\/types\/page"}],"author":[{"embeddable":true,"href":"https:\/\/www.ksw-tae.pl\/index.php?rest_route=\/wp\/v2\/users\/1"}],"replies":[{"embeddable":true,"href":"https:\/\/www.ksw-tae.pl\/index.php?rest_route=%2Fwp%2Fv2%2Fcomments&post=2569"}],"version-history":[{"count":2,"href":"https:\/\/www.ksw-tae.pl\/index.php?rest_route=\/wp\/v2\/pages\/2569\/revisions"}],"predecessor-version":[{"id":2575,"href":"https:\/\/www.ksw-tae.pl\/index.php?rest_route=\/wp\/v2\/pages\/2569\/revisions\/2575"}],"up":[{"embeddable":true,"href":"https:\/\/www.ksw-tae.pl\/index.php?rest_route=\/wp\/v2\/pages\/2175"}],"wp:attachment":[{"href":"https:\/\/www.ksw-tae.pl\/index.php?rest_route=%2Fwp%2Fv2%2Fmedia&parent=2569"}],"curies":[{"name":"wp","href":"https:\/\/api.w.org\/{rel}","templated":true}]}}