{"id":2410,"date":"2018-08-26T17:27:57","date_gmt":"2018-08-26T16:27:57","guid":{"rendered":"http:\/\/www.ksw-tae.pl\/?page_id=2410"},"modified":"2021-08-16T18:45:05","modified_gmt":"2021-08-16T17:45:05","slug":"taekwondo","status":"publish","type":"page","link":"https:\/\/www.ksw-tae.pl\/?page_id=2410","title":{"rendered":"Kick Boxing"},"content":{"rendered":"<h2><strong>Kick- boxing<\/strong><\/h2>\n<p>\u2013 dyscyplina sportowa (sport walki), w kt\u00f3rej walczy si\u0119 stosuj\u0105c zar\u00f3wno bokserskie ciosy pi\u0119\u015bci\u0105 \u00a0jak i kopni\u0119cia.<\/p>\n<p>S\u0142owo <em>kick<\/em> oznacza po angielsku \u201ekopni\u0119cie\u201d lub \u201ekopa\u0107\u201d, <em>boxing<\/em> oznacza \u201eboks\u201d. W wi\u0119kszo\u015bci j\u0119zyk\u00f3w stosuje si\u0119 angielsk\u0105 nazw\u0119 \u201ekick-boxing\u201d (zwykle dostosowan\u0105 fonetycznie i ortograficznie do danego j\u0119zyka) na okre\u015blenie og\u00f3\u0142u dyscyplin sportowych, w kt\u00f3rych walczy si\u0119 g\u0142\u00f3wnie za pomoc\u0105 kopni\u0119\u0107 oraz cios\u00f3w pi\u0119\u015bci\u0105.<\/p>\n","protected":false},"excerpt":{"rendered":"<p>Kick- boxing \u2013 dyscyplina sportowa (sport walki), w kt\u00f3rej walczy si\u0119 stosuj\u0105c zar\u00f3wno bokserskie ciosy pi\u0119\u015bci\u0105 \u00a0jak i kopni\u0119cia. S\u0142owo kick oznacza po angielsku \u201ekopni\u0119cie\u201d lub \u201ekopa\u0107\u201d, boxing oznacza \u201eboks\u201d. W wi\u0119kszo\u015bci j\u0119zyk\u00f3w stosuje si\u0119 angielsk\u0105 nazw\u0119 \u201ekick-boxing\u201d (zwykle dostosowan\u0105&#8230;<br \/><a class=\"read-more-button\" href=\"https:\/\/www.ksw-tae.pl\/?page_id=2410\">Read more<\/a><\/p>\n","protected":false},"author":1,"featured_media":0,"parent":311,"menu_order":3,"comment_status":"closed","ping_status":"closed","template":"","meta":{"om_disable_all_campaigns":false,"_monsterinsights_skip_tracking":false,"_monsterinsights_sitenote_active":false,"_monsterinsights_sitenote_note":"","_monsterinsights_sitenote_category":0,"footnotes":""},"class_list":["post-2410","page","type-page","status-publish","hentry"],"aioseo_notices":[],"_links":{"self":[{"href":"https:\/\/www.ksw-tae.pl\/index.php?rest_route=\/wp\/v2\/pages\/2410","targetHints":{"allow":["GET"]}}],"collection":[{"href":"https:\/\/www.ksw-tae.pl\/index.php?rest_route=\/wp\/v2\/pages"}],"about":[{"href":"https:\/\/www.ksw-tae.pl\/index.php?rest_route=\/wp\/v2\/types\/page"}],"author":[{"embeddable":true,"href":"https:\/\/www.ksw-tae.pl\/index.php?rest_route=\/wp\/v2\/users\/1"}],"replies":[{"embeddable":true,"href":"https:\/\/www.ksw-tae.pl\/index.php?rest_route=%2Fwp%2Fv2%2Fcomments&post=2410"}],"version-history":[{"count":6,"href":"https:\/\/www.ksw-tae.pl\/index.php?rest_route=\/wp\/v2\/pages\/2410\/revisions"}],"predecessor-version":[{"id":2617,"href":"https:\/\/www.ksw-tae.pl\/index.php?rest_route=\/wp\/v2\/pages\/2410\/revisions\/2617"}],"up":[{"embeddable":true,"href":"https:\/\/www.ksw-tae.pl\/index.php?rest_route=\/wp\/v2\/pages\/311"}],"wp:attachment":[{"href":"https:\/\/www.ksw-tae.pl\/index.php?rest_route=%2Fwp%2Fv2%2Fmedia&parent=2410"}],"curies":[{"name":"wp","href":"https:\/\/api.w.org\/{rel}","templated":true}]}}