{"id":2400,"date":"2018-08-26T17:17:09","date_gmt":"2018-08-26T16:17:09","guid":{"rendered":"http:\/\/www.ksw-tae.pl\/?page_id=2400"},"modified":"2025-11-06T10:02:56","modified_gmt":"2025-11-06T09:02:56","slug":"obozy-2","status":"publish","type":"page","link":"https:\/\/www.ksw-tae.pl\/?page_id=2400","title":{"rendered":"Obozy"},"content":{"rendered":"<p>Klub co roku organizuje obozy sportowe, zar\u00f3wno letnie jak i zimowe. Ka\u017cdy ob\u00f3z zg\u0142aszany jest do Kuratorium O\u015bwiaty w Warszawie. Opiek\u0119 nad uczestnikami oboz\u00f3w sprawuj\u0119 wykwalifikowana kadra: instruktorzy sportu, instruktorzy sztuk walki (taekwondo olimpijskiego, kick-boxingu), pedagodzy, wychowawcy z uprawnieniami. Podczas oboz\u00f3w zapewniamy poza codziennymi treningami mas\u0119 atrakcji, ro\u017cnego rodzaju gry, zabawy a tak\u017ce zwiedzanie, spacery, zaj\u0119cia z\u00a0 p\u0142ywania i inne atrakcje wodne. Jest te\u017c i czas na relaks.<\/p>\n<p>Uwaga trwaj\u0105 zapisy na ob\u00f3z letni 2026 w dniach 27.06-5.07.2026 !<\/p>\n<p>W tym roku\u00a0 sp\u0119dzamy aktywny czas w Szczecinku woj. zachodniopomorskie. W cenie obozu jest dojazd autokarem, ca\u0142odobowe wy\u017cywienie- 3 posi\u0142ki i podwieczorek, bogaty program trteningowo-rekreacyjny opieka kierownika i wychowawc\u00f3w oraz ubezpieczenie NNW.<\/p>\n<p>Ob\u00f3z zg\u0142aszany jest do Kuratorium O\u015bwiaty w Warszawie , wi\u0119c mo\u017cecie by\u0107 pewni \u017ce wszystko pod wzgl\u0119dem organizacji dopi\u0119te jest na ostatni guzik:)<\/p>\n<p>Cena obozu do 15 Marca to 2600z\u0142, po tym terminie nie gwarantujemy dost\u0119pnych miejsc. Celem zapisu prosimy o wp\u0142at\u0119 zaliczki w Klubie lub na konto podane przez organizatora.<\/p>\n<p>Zapraszamy do odwiedzin i polubienia Naszej Obozowej Strony :<\/p>\n<p>https:\/\/www.facebook.com\/profile.php?id=100085630485614<\/p>\n","protected":false},"excerpt":{"rendered":"<p>Klub co roku organizuje obozy sportowe, zar\u00f3wno letnie jak i zimowe. Ka\u017cdy ob\u00f3z zg\u0142aszany jest do Kuratorium O\u015bwiaty w Warszawie. Opiek\u0119 nad uczestnikami oboz\u00f3w sprawuj\u0119 wykwalifikowana kadra: instruktorzy sportu, instruktorzy sztuk walki (taekwondo olimpijskiego, kick-boxingu), pedagodzy, wychowawcy z uprawnieniami. Podczas&#8230;<br \/><a class=\"read-more-button\" href=\"https:\/\/www.ksw-tae.pl\/?page_id=2400\">Read more<\/a><\/p>\n","protected":false},"author":1,"featured_media":0,"parent":101,"menu_order":7,"comment_status":"closed","ping_status":"closed","template":"","meta":{"om_disable_all_campaigns":false,"_monsterinsights_skip_tracking":false,"_monsterinsights_sitenote_active":false,"_monsterinsights_sitenote_note":"","_monsterinsights_sitenote_category":0,"footnotes":""},"class_list":["post-2400","page","type-page","status-publish","hentry"],"aioseo_notices":[],"_links":{"self":[{"href":"https:\/\/www.ksw-tae.pl\/index.php?rest_route=\/wp\/v2\/pages\/2400","targetHints":{"allow":["GET"]}}],"collection":[{"href":"https:\/\/www.ksw-tae.pl\/index.php?rest_route=\/wp\/v2\/pages"}],"about":[{"href":"https:\/\/www.ksw-tae.pl\/index.php?rest_route=\/wp\/v2\/types\/page"}],"author":[{"embeddable":true,"href":"https:\/\/www.ksw-tae.pl\/index.php?rest_route=\/wp\/v2\/users\/1"}],"replies":[{"embeddable":true,"href":"https:\/\/www.ksw-tae.pl\/index.php?rest_route=%2Fwp%2Fv2%2Fcomments&post=2400"}],"version-history":[{"count":11,"href":"https:\/\/www.ksw-tae.pl\/index.php?rest_route=\/wp\/v2\/pages\/2400\/revisions"}],"predecessor-version":[{"id":2742,"href":"https:\/\/www.ksw-tae.pl\/index.php?rest_route=\/wp\/v2\/pages\/2400\/revisions\/2742"}],"up":[{"embeddable":true,"href":"https:\/\/www.ksw-tae.pl\/index.php?rest_route=\/wp\/v2\/pages\/101"}],"wp:attachment":[{"href":"https:\/\/www.ksw-tae.pl\/index.php?rest_route=%2Fwp%2Fv2%2Fmedia&parent=2400"}],"curies":[{"name":"wp","href":"https:\/\/api.w.org\/{rel}","templated":true}]}}