{"id":2203,"date":"2017-11-22T15:13:20","date_gmt":"2017-11-22T14:13:20","guid":{"rendered":"http:\/\/www.ksw-tae.pl\/?page_id=2203"},"modified":"2017-11-22T15:13:43","modified_gmt":"2017-11-22T14:13:43","slug":"jubileuszowa-gala-andy-siemiatycze-19-11-2017","status":"publish","type":"page","link":"https:\/\/www.ksw-tae.pl\/?page_id=2203","title":{"rendered":"Jubileuszowa Gala Andy Siemiatycze 19.11.2017"},"content":{"rendered":"<p>W dniach 18-19 listopada w Siemiatyczach odby\u0142a si\u0119 Jubileuszowa Gala Andy w kt\u00f3rej bra\u0142 udzia\u0142 trener TAE Bart\u0142omiej Turczy\u0144ski. Wsp\u00f3lnie z innymi Mistrzami \u015bwi\u0119towali\u015bmy wsp\u00f3lnie rocznice 25 lecia powstania Klubu z Siemiatycz oraz 35 lat trening\u00f3w Andrzeja Nowaczuka za\u0142o\u017cyciela i trenera Klubu Andy. Trener Bart\u0142omiej Turczy\u0144ski poprowadzi\u0142 seminarium szkoleniowe z taekwondo olimpijskiego w kt\u00f3rym uczestniczy\u0142y zgromadzone dzieci m\u0142odzie\u017c i doro\u015bli. By\u0142y opowie\u015bci o historii dyscypliny a tak\u017ce przybli\u017cenie zasad sportowych podczas spotkania z dzie\u0107mi. Na koniec Trener Bart\u0142omiej wr\u0119czy\u0142 pami\u0105tkowy puchar od Klubowicz\u00f3w shihenowi Andrzejowi w zamian otrzymuj\u0105c pami\u0105tkowy medal i list gratulacyjny.<\/p>\n<p>&nbsp;<\/p>\n<p>&nbsp;<\/p>\n<p><img loading=\"lazy\" decoding=\"async\" class=\"alignleft size-large wp-image-2204\" src=\"https:\/\/www.ksw-tae.pl\/wp-content\/uploads\/2017\/11\/DSC06855-1024x683.jpg\" alt=\"\" width=\"734\" height=\"490\" srcset=\"https:\/\/www.ksw-tae.pl\/wp-content\/uploads\/2017\/11\/DSC06855-1024x683.jpg 1024w, https:\/\/www.ksw-tae.pl\/wp-content\/uploads\/2017\/11\/DSC06855-300x200.jpg 300w, https:\/\/www.ksw-tae.pl\/wp-content\/uploads\/2017\/11\/DSC06855-768x512.jpg 768w, https:\/\/www.ksw-tae.pl\/wp-content\/uploads\/2017\/11\/DSC06855-1170x780.jpg 1170w\" sizes=\"auto, (max-width: 734px) 100vw, 734px\" \/><\/p>\n","protected":false},"excerpt":{"rendered":"<p>W dniach 18-19 listopada w Siemiatyczach odby\u0142a si\u0119 Jubileuszowa Gala Andy w kt\u00f3rej bra\u0142 udzia\u0142 trener TAE Bart\u0142omiej Turczy\u0144ski. Wsp\u00f3lnie z innymi Mistrzami \u015bwi\u0119towali\u015bmy wsp\u00f3lnie rocznice 25 lecia powstania Klubu z Siemiatycz oraz 35 lat trening\u00f3w Andrzeja Nowaczuka za\u0142o\u017cyciela i&#8230;<br \/><a class=\"read-more-button\" href=\"https:\/\/www.ksw-tae.pl\/?page_id=2203\">Read more<\/a><\/p>\n","protected":false},"author":1,"featured_media":0,"parent":1773,"menu_order":6,"comment_status":"closed","ping_status":"closed","template":"","meta":{"om_disable_all_campaigns":false,"_monsterinsights_skip_tracking":false,"_monsterinsights_sitenote_active":false,"_monsterinsights_sitenote_note":"","_monsterinsights_sitenote_category":0,"footnotes":""},"class_list":["post-2203","page","type-page","status-publish","hentry"],"aioseo_notices":[],"_links":{"self":[{"href":"https:\/\/www.ksw-tae.pl\/index.php?rest_route=\/wp\/v2\/pages\/2203","targetHints":{"allow":["GET"]}}],"collection":[{"href":"https:\/\/www.ksw-tae.pl\/index.php?rest_route=\/wp\/v2\/pages"}],"about":[{"href":"https:\/\/www.ksw-tae.pl\/index.php?rest_route=\/wp\/v2\/types\/page"}],"author":[{"embeddable":true,"href":"https:\/\/www.ksw-tae.pl\/index.php?rest_route=\/wp\/v2\/users\/1"}],"replies":[{"embeddable":true,"href":"https:\/\/www.ksw-tae.pl\/index.php?rest_route=%2Fwp%2Fv2%2Fcomments&post=2203"}],"version-history":[{"count":2,"href":"https:\/\/www.ksw-tae.pl\/index.php?rest_route=\/wp\/v2\/pages\/2203\/revisions"}],"predecessor-version":[{"id":2206,"href":"https:\/\/www.ksw-tae.pl\/index.php?rest_route=\/wp\/v2\/pages\/2203\/revisions\/2206"}],"up":[{"embeddable":true,"href":"https:\/\/www.ksw-tae.pl\/index.php?rest_route=\/wp\/v2\/pages\/1773"}],"wp:attachment":[{"href":"https:\/\/www.ksw-tae.pl\/index.php?rest_route=%2Fwp%2Fv2%2Fmedia&parent=2203"}],"curies":[{"name":"wp","href":"https:\/\/api.w.org\/{rel}","templated":true}]}}