{"id":2053,"date":"2017-07-19T21:46:48","date_gmt":"2017-07-19T20:46:48","guid":{"rendered":"http:\/\/www.ksw-tae.pl\/?page_id=2053"},"modified":"2017-07-25T11:57:53","modified_gmt":"2017-07-25T10:57:53","slug":"przedwakacyjny-kurs-i-pomocy-przedmedycznej-dla-dzieci","status":"publish","type":"page","link":"https:\/\/www.ksw-tae.pl\/?page_id=2053","title":{"rendered":"Przedwakacyjny Kurs I Pomocy Przedmedycznej Dla Dzieci"},"content":{"rendered":"<p>21 czerwca 2017 roku w siedzibie\u00a0 KS TAE w Sulej\u00f2wku Mi\u0142osnej odby\u0142o si\u0119 szkolenie dla dzieci z 1 pomocy przedmedycznej. Dzi\u0119ki uprzejmo\u015bci <a class=\"profileLink\" href=\"https:\/\/www.facebook.com\/OSPSulejowek\/?fref=mentions\" data-hovercard=\"\/ajax\/hovercard\/page.php?id=151080084945092&amp;extragetparams=%7B%22fref%22%3A%22mentions%22%7D\" data-hovercard-prefer-more-content-show=\"1\">OSP Sulej\u00f3wek<\/a> i Micha\u0142 Nalewaj Marcin Karpowicz mogli\u015bmy trenowa\u0107 na profesjonalnym fantomie oraz dowiedzie\u0107 si\u0119 jak reagowa\u0107 w sytuacjach zagro\u017cenia zdrowia i \u017cycia. Klubowicze ch\u0119tnie szkoli\u0142y si\u0119 pod okiem instruktor\u00f3w oraz zadawa\u0142y ciekawe pytania. Serdecznie dzi\u0119kujemy!!!<\/p>\n<p><img loading=\"lazy\" decoding=\"async\" class=\"alignleft  wp-image-2076\" src=\"https:\/\/www.ksw-tae.pl\/wp-content\/uploads\/2017\/07\/19366100_698946163639012_7511089389639036237_n.jpg\" alt=\"\" width=\"272\" height=\"495\" srcset=\"https:\/\/www.ksw-tae.pl\/wp-content\/uploads\/2017\/07\/19366100_698946163639012_7511089389639036237_n.jpg 528w, https:\/\/www.ksw-tae.pl\/wp-content\/uploads\/2017\/07\/19366100_698946163639012_7511089389639036237_n-165x300.jpg 165w\" sizes=\"auto, (max-width: 272px) 100vw, 272px\" \/> <img loading=\"lazy\" decoding=\"async\" class=\"alignleft  wp-image-2077\" src=\"https:\/\/www.ksw-tae.pl\/wp-content\/uploads\/2017\/07\/19366267_698946200305675_4201930579163102835_n.jpg\" alt=\"\" width=\"282\" height=\"513\" srcset=\"https:\/\/www.ksw-tae.pl\/wp-content\/uploads\/2017\/07\/19366267_698946200305675_4201930579163102835_n.jpg 528w, https:\/\/www.ksw-tae.pl\/wp-content\/uploads\/2017\/07\/19366267_698946200305675_4201930579163102835_n-165x300.jpg 165w\" sizes=\"auto, (max-width: 282px) 100vw, 282px\" \/> <img loading=\"lazy\" decoding=\"async\" class=\"alignleft  wp-image-2078\" src=\"https:\/\/www.ksw-tae.pl\/wp-content\/uploads\/2017\/07\/19366417_698946053639023_3562796997328057485_n.jpg\" alt=\"\" width=\"646\" height=\"363\" srcset=\"https:\/\/www.ksw-tae.pl\/wp-content\/uploads\/2017\/07\/19366417_698946053639023_3562796997328057485_n.jpg 960w, https:\/\/www.ksw-tae.pl\/wp-content\/uploads\/2017\/07\/19366417_698946053639023_3562796997328057485_n-300x169.jpg 300w, https:\/\/www.ksw-tae.pl\/wp-content\/uploads\/2017\/07\/19366417_698946053639023_3562796997328057485_n-768x432.jpg 768w\" sizes=\"auto, (max-width: 646px) 100vw, 646px\" \/> <img loading=\"lazy\" decoding=\"async\" class=\"alignleft  wp-image-2079\" src=\"https:\/\/www.ksw-tae.pl\/wp-content\/uploads\/2017\/07\/19397114_698946230305672_1994821407476740131_n.jpg\" alt=\"\" width=\"301\" height=\"547\" srcset=\"https:\/\/www.ksw-tae.pl\/wp-content\/uploads\/2017\/07\/19397114_698946230305672_1994821407476740131_n.jpg 528w, https:\/\/www.ksw-tae.pl\/wp-content\/uploads\/2017\/07\/19397114_698946230305672_1994821407476740131_n-165x300.jpg 165w\" sizes=\"auto, (max-width: 301px) 100vw, 301px\" \/> <img loading=\"lazy\" decoding=\"async\" class=\"alignleft  wp-image-2080\" src=\"https:\/\/www.ksw-tae.pl\/wp-content\/uploads\/2017\/07\/19399102_698946093639019_5895923833923312947_n.jpg\" alt=\"\" width=\"677\" height=\"381\" srcset=\"https:\/\/www.ksw-tae.pl\/wp-content\/uploads\/2017\/07\/19399102_698946093639019_5895923833923312947_n.jpg 960w, https:\/\/www.ksw-tae.pl\/wp-content\/uploads\/2017\/07\/19399102_698946093639019_5895923833923312947_n-300x169.jpg 300w, https:\/\/www.ksw-tae.pl\/wp-content\/uploads\/2017\/07\/19399102_698946093639019_5895923833923312947_n-768x432.jpg 768w\" sizes=\"auto, (max-width: 677px) 100vw, 677px\" \/> <img loading=\"lazy\" decoding=\"async\" class=\"alignleft size-large wp-image-2081\" src=\"https:\/\/www.ksw-tae.pl\/wp-content\/uploads\/2017\/07\/19396664_698946620305633_8561111743190978657_n.jpg\" alt=\"\" width=\"734\" height=\"413\" srcset=\"https:\/\/www.ksw-tae.pl\/wp-content\/uploads\/2017\/07\/19396664_698946620305633_8561111743190978657_n.jpg 960w, https:\/\/www.ksw-tae.pl\/wp-content\/uploads\/2017\/07\/19396664_698946620305633_8561111743190978657_n-300x169.jpg 300w, https:\/\/www.ksw-tae.pl\/wp-content\/uploads\/2017\/07\/19396664_698946620305633_8561111743190978657_n-768x432.jpg 768w\" sizes=\"auto, (max-width: 734px) 100vw, 734px\" \/><\/p>\n","protected":false},"excerpt":{"rendered":"<p>21 czerwca 2017 roku w siedzibie\u00a0 KS TAE w Sulej\u00f2wku Mi\u0142osnej odby\u0142o si\u0119 szkolenie dla dzieci z 1 pomocy przedmedycznej. Dzi\u0119ki uprzejmo\u015bci OSP Sulej\u00f3wek i Micha\u0142 Nalewaj Marcin Karpowicz mogli\u015bmy trenowa\u0107 na profesjonalnym fantomie oraz dowiedzie\u0107 si\u0119 jak reagowa\u0107 w&#8230;<br \/><a class=\"read-more-button\" href=\"https:\/\/www.ksw-tae.pl\/?page_id=2053\">Read more<\/a><\/p>\n","protected":false},"author":1,"featured_media":0,"parent":1773,"menu_order":3,"comment_status":"closed","ping_status":"closed","template":"","meta":{"om_disable_all_campaigns":false,"_monsterinsights_skip_tracking":false,"_monsterinsights_sitenote_active":false,"_monsterinsights_sitenote_note":"","_monsterinsights_sitenote_category":0,"footnotes":""},"class_list":["post-2053","page","type-page","status-publish","hentry"],"aioseo_notices":[],"_links":{"self":[{"href":"https:\/\/www.ksw-tae.pl\/index.php?rest_route=\/wp\/v2\/pages\/2053","targetHints":{"allow":["GET"]}}],"collection":[{"href":"https:\/\/www.ksw-tae.pl\/index.php?rest_route=\/wp\/v2\/pages"}],"about":[{"href":"https:\/\/www.ksw-tae.pl\/index.php?rest_route=\/wp\/v2\/types\/page"}],"author":[{"embeddable":true,"href":"https:\/\/www.ksw-tae.pl\/index.php?rest_route=\/wp\/v2\/users\/1"}],"replies":[{"embeddable":true,"href":"https:\/\/www.ksw-tae.pl\/index.php?rest_route=%2Fwp%2Fv2%2Fcomments&post=2053"}],"version-history":[{"count":3,"href":"https:\/\/www.ksw-tae.pl\/index.php?rest_route=\/wp\/v2\/pages\/2053\/revisions"}],"predecessor-version":[{"id":2083,"href":"https:\/\/www.ksw-tae.pl\/index.php?rest_route=\/wp\/v2\/pages\/2053\/revisions\/2083"}],"up":[{"embeddable":true,"href":"https:\/\/www.ksw-tae.pl\/index.php?rest_route=\/wp\/v2\/pages\/1773"}],"wp:attachment":[{"href":"https:\/\/www.ksw-tae.pl\/index.php?rest_route=%2Fwp%2Fv2%2Fmedia&parent=2053"}],"curies":[{"name":"wp","href":"https:\/\/api.w.org\/{rel}","templated":true}]}}