{"id":1264,"date":"2016-04-02T19:28:59","date_gmt":"2016-04-02T18:28:59","guid":{"rendered":"http:\/\/www.ksw-tae.pl\/?page_id=1264"},"modified":"2025-11-06T10:10:07","modified_gmt":"2025-11-06T09:10:07","slug":"trener","status":"publish","type":"page","link":"https:\/\/www.ksw-tae.pl\/?page_id=1264","title":{"rendered":"TRENER"},"content":{"rendered":"<div class=\"entry-content\">\n<p><span style=\"color: #000000;\"><a style=\"color: #000000;\" href=\"https:\/\/www.ksw-tae.pl\/wp-content\/uploads\/2015\/01\/zak%C5%82adka-trener.jpg\"><img loading=\"lazy\" decoding=\"async\" class=\"alignleft wp-image-303\" src=\"https:\/\/www.ksw-tae.pl\/wp-content\/uploads\/2015\/01\/zak%C5%82adka-trener-e1423149291445-113x150.jpg\" alt=\"zak\u0142adka trener\" width=\"133\" height=\"177\" \/><\/a><strong>Bart\u0142omiej Turczy\u0144ski 2 Dan w Taekwondo Olimpijskim,\u00a0 1 Dan w Kickboxingu, Mistrz \u015awiata<br \/>\n<\/strong><\/span><\/p>\n<p><span style=\"color: #000000;\">Absolwent studi\u00f3w magisterskich Akademii Wychowania Fizycznego im. E. Piaseckiego w Poznaniu, specjalno\u015b\u0107 nauczycielska z gimnastyk\u0105 korekcyjn\u0105, instruktor samoobrony, licencjonowany instruktor taekwondo olimpijskiego PZTO , licencjonowany instruktor kickboxingu PZKB.<br \/>\n<\/span><\/p>\n<p><span style=\"color: #000000;\">Zawodnik, trener, od 1998 roku reprezentant Klubu Sport\u00f3w Walki ze Szczecinka. Wychowanek \u015ap. Krzysztofa Pajewskiego \u2013 pierwszego polskiego mistrza \u015bwiata w taekwondo. Reprezentant kadry wojew\u00f3dztwa zachodniopomorskiego w taekwondo oraz kadry Polski w kickboxingu. Od 2007 roku instruktor w Rogozi\u0144skim Klubie Sportowym. Od 2009 roku w okolicach Warszawy stworzy\u0142 Klub Sport\u00f3w Walki TAE i prowadzi treningi taekwondo oraz kick-boxingu I boksu dla dzieci, m\u0142odzie\u017cy oraz doros\u0142ych. Jak dot\u0105d wychowa\u0142 kilkudziesi\u0119ciu medalist\u00f3w Mistrzostw Polski w kickboxingu i taekwondo oraz wielu medalist\u00f3w Pucharu i Mistrzostw Europy. Z roku na rok poszerza swoj\u0105 sportow\u0105 dzia\u0142alno\u015b\u0107 promuj\u0105c sztuki walki jako\u201e dyscypliny sportowe dla wszystkich\u201d. Dzia\u0142acz sportowy oraz spo\u0142eczny, organizator imprez og\u00f3lnopolskich oraz gal sztuk walki.<br \/>\n<\/span><\/p>\n<p><span style=\"color: #000000;\"><strong>OSI\u0104GNI\u0118CIA SPORTOWE :<\/strong><\/span><\/p>\n<p><span style=\"color: #000000;\"><strong>2000<\/strong><\/span><\/p>\n<p><span style=\"color: #000000;\">\u2013 Wicemistrz Polski Junior\u00f3w w kickboxingu PZKB- Pas\u0142\u0119k<\/span><\/p>\n<p><span style=\"color: #000000;\">\u2013 3 miejsce Mistrzostwa Polski w kickboxingu (light contact) PZKB\u2013Pas\u0142\u0119k<\/span><\/p>\n<p><span style=\"color: #000000;\"><strong>2001<\/strong><\/span><\/p>\n<p><span style=\"color: #000000;\">\u2013 Wicemistrz Polski M\u0142odzik\u00f3w w taekwondo WTF<\/span><\/p>\n<p><span style=\"color: #000000;\">\u2013 Mistrz Polski junior\u00f3w w kickboxingu PZKB(semi contact)<\/span><\/p>\n<p><span style=\"color: #000000;\">\u2013 Br\u0105zowy medal na Mistrzostwach Polski junior\u00f3w m\u0142odszych w kickboxingu PZKB (light contact)<\/span><\/p>\n<p><span style=\"color: #000000;\"><strong>2002<\/strong><\/span><\/p>\n<p><span style=\"color: #000000;\">\u2013 1 miejsce w Eliminacjach do Og\u00f3lnopolskiej OM (3 turnieje)<\/span><\/p>\n<p><span style=\"color: #000000;\">\u2013 2 miejsce na Og\u00f3lnopolskiej Olimpiadzie M\u0142odzie\u017cy w taekwondo WTF<\/span><\/p>\n<p><span style=\"color: #000000;\">\u2013 Wicemistrz Polski Junior\u00f3w w taekwondo WTF<\/span><\/p>\n<p><span style=\"color: #000000;\">\u2013 Wicemistrz Polski Junior\u00f3w w taekwondo GTF (semi-contact)<\/span><\/p>\n<p><span style=\"color: #000000;\">\u2013 Wicemistrz Polski Junior\u00f3w w taekwondo GTF (light contact)<\/span><\/p>\n<p><span style=\"color: #000000;\">\u2013 Mistrz Polski Junior\u00f3w w kickboxingu PZKB (semi-contact)<\/span><\/p>\n<p><span style=\"color: #000000;\"><strong>2003<\/strong><\/span><\/p>\n<p><span style=\"color: #000000;\">\u2013 Wicemistrz Polski Junior\u00f3w w taekwondo GTF (semi-contact)<\/span><\/p>\n<p><span style=\"color: #000000;\">\u2013 Wicemistrz Polski Senior\u00f3w w taekwondo GTF (semi contact)<\/span><\/p>\n<p><span style=\"color: #000000;\">\u2013 Wicemistrz Polski Senior\u00f3w w taekwondo GTF (light contact)<\/span><\/p>\n<p><span style=\"color: #000000;\">\u2013 4 miejsce na Mi\u0119dzynarodowych Mistrzostwach Holandii w taekwondo GTF<\/span><\/p>\n<p><span style=\"color: #000000;\"><strong>2004<\/strong><\/span><\/p>\n<p><span style=\"color: #000000;\">\u2013 Wicemistrz Polski na Mi\u0119dzynarodowych Mistrzostwach Polski Polish Open w taekwondo WTF<\/span><\/p>\n<p><span style=\"color: #000000;\">\u2013 4 miejsce na Mi\u0119dzynarodowych Mistrzostwach Szwecji w taekwondo WTF<\/span><\/p>\n<p><span style=\"color: #000000;\"><strong>\u00a02005<\/strong><\/span><\/p>\n<p><span style=\"color: #000000;\">\u2013 4-5 miejsce na M\u0142odzie\u017cowych MP w taekwondo WTF<\/span><\/p>\n<p><span style=\"color: #000000;\">\u2013 4-5 miejsce na Akademickich MP w taekwondo WTF<\/span><\/p>\n<p><span style=\"color: #000000;\">\u2013 Wicemistrz Polski w taekwondo GTF walki parami (semi contact)<\/span><\/p>\n<p><span style=\"color: #000000;\">\u2013 2 Wicemistrz na Pucharze \u015awiata w taekwondo ETF (European Taekwondo Federation)<\/span><\/p>\n<p><span style=\"color: #000000;\"><strong>2008<\/strong><\/span><\/p>\n<p><span style=\"color: #000000;\">\u2013 Wicemistrz Polski w taekwondo GTF na mi\u0119dzynarodowych mistrzostwach Polski Polish Open (formu\u0142a semi )<\/span><\/p>\n<p><span style=\"color: #000000;\">\u2013 Wicemistrz Polski w taekwondo GTF na mi\u0119dzynarodowych mistrzostwach Polski Polish open (formu\u0142a light)<\/span><\/p>\n<p><span style=\"color: #000000;\">\u2013 Wicemistrz na Pucharze Polski, O\u0142awa (semi -contact)<\/span><\/p>\n<p><span style=\"color: #000000;\"><strong>2009<\/strong><\/span><\/p>\n<p><span style=\"color: #000000;\">\u2013 4 miejsce na Mistrzostwach Europy w taekwondo GTF (Szwajcaria \u2013 Davos)<\/span><\/p>\n<p><span style=\"color: #000000;\"><strong>\u00a02011<\/strong><\/span><\/p>\n<p><span style=\"color: #000000;\">\u2013 3 miejsce Grand Champion kategoria Open<\/span><\/p>\n<p><span style=\"color: #000000;\"><strong>2015<\/strong><\/span><\/p>\n<p><span style=\"color: #000000;\">\u2013 2 miejsce Puchar Polski Tang Soo Do \u2013 Wo\u0142omin (semi-contact)<\/span><\/p>\n<p><span style=\"color: #000000;\"><strong>2016<\/strong><\/span><\/p>\n<p><span style=\"color: #000000;\">&#8211; 2 miejsce Mistrzostwa Polski Polskiej Federacji Kick Boxingu point fighting + 185cm<\/span><\/p>\n<p><span style=\"color: #000000;\">&#8211; 2 miejsce Mistrzostwa Polski Polskiej Federacji Kick Boxingu + 90kg<\/span><\/p>\n<\/div>\n<ul>\n<li><span style=\"color: #000000;\"><strong><span style=\"text-decoration: underline;\">MISTRZ \u015aWIATA W\u00a0 KICK BOXINGU WTKA ICO\u00a0 LIGHT CONTACT + 94KG<\/span><\/strong><\/span><\/li>\n<li><span style=\"color: #000000;\"><strong><span style=\"text-decoration: underline;\">V-CE MISTRZ \u015aWIATA KICK BOXINGU WTKA ICO\u00a0 POINT FIGHTING + 94KG<\/span><\/strong><\/span><\/li>\n<li><span style=\"color: #000000;\"><strong><span style=\"text-decoration: underline;\">BR\u0104ZOWY MEDALISTA MISTRZOSTW \u015aWIATA WTKA ICO\u00a0 DRU\u017bYNOWO<\/span><\/strong><\/span><\/li>\n<\/ul>\n<p><span style=\"color: #000000;\"><strong>2025\u00a0<\/strong><\/span><\/p>\n<p>5 miejsce Puchar \u015awiata Wako Budapeszt , Weteran &#8211; 94 kg<\/p>\n<p>5 miejsce Puchar \u015awiata Wako Budapeszt, Weteran\u00a0 +94 kg<\/p>\n","protected":false},"excerpt":{"rendered":"<p>Bart\u0142omiej Turczy\u0144ski 2 Dan w Taekwondo Olimpijskim,\u00a0 1 Dan w Kickboxingu, Mistrz \u015awiata Absolwent studi\u00f3w magisterskich Akademii Wychowania Fizycznego im. E. Piaseckiego w Poznaniu, specjalno\u015b\u0107 nauczycielska z gimnastyk\u0105 korekcyjn\u0105, instruktor samoobrony, licencjonowany instruktor taekwondo olimpijskiego PZTO , licencjonowany instruktor kickboxingu&#8230;<br \/><a class=\"read-more-button\" href=\"https:\/\/www.ksw-tae.pl\/?page_id=1264\">Read more<\/a><\/p>\n","protected":false},"author":1,"featured_media":0,"parent":318,"menu_order":1,"comment_status":"closed","ping_status":"closed","template":"","meta":{"om_disable_all_campaigns":false,"_monsterinsights_skip_tracking":false,"_monsterinsights_sitenote_active":false,"_monsterinsights_sitenote_note":"","_monsterinsights_sitenote_category":0,"footnotes":""},"class_list":["post-1264","page","type-page","status-publish","hentry"],"aioseo_notices":[],"_links":{"self":[{"href":"https:\/\/www.ksw-tae.pl\/index.php?rest_route=\/wp\/v2\/pages\/1264","targetHints":{"allow":["GET"]}}],"collection":[{"href":"https:\/\/www.ksw-tae.pl\/index.php?rest_route=\/wp\/v2\/pages"}],"about":[{"href":"https:\/\/www.ksw-tae.pl\/index.php?rest_route=\/wp\/v2\/types\/page"}],"author":[{"embeddable":true,"href":"https:\/\/www.ksw-tae.pl\/index.php?rest_route=\/wp\/v2\/users\/1"}],"replies":[{"embeddable":true,"href":"https:\/\/www.ksw-tae.pl\/index.php?rest_route=%2Fwp%2Fv2%2Fcomments&post=1264"}],"version-history":[{"count":14,"href":"https:\/\/www.ksw-tae.pl\/index.php?rest_route=\/wp\/v2\/pages\/1264\/revisions"}],"predecessor-version":[{"id":2749,"href":"https:\/\/www.ksw-tae.pl\/index.php?rest_route=\/wp\/v2\/pages\/1264\/revisions\/2749"}],"up":[{"embeddable":true,"href":"https:\/\/www.ksw-tae.pl\/index.php?rest_route=\/wp\/v2\/pages\/318"}],"wp:attachment":[{"href":"https:\/\/www.ksw-tae.pl\/index.php?rest_route=%2Fwp%2Fv2%2Fmedia&parent=1264"}],"curies":[{"name":"wp","href":"https:\/\/api.w.org\/{rel}","templated":true}]}}