{"id":1205,"date":"2016-03-29T19:16:14","date_gmt":"2016-03-29T18:16:14","guid":{"rendered":"http:\/\/www.ksw-tae.pl\/?page_id=1205"},"modified":"2023-09-13T12:38:16","modified_gmt":"2023-09-13T11:38:16","slug":"dojo-sala-cwiczen","status":"publish","type":"page","link":"https:\/\/www.ksw-tae.pl\/?page_id=1205","title":{"rendered":"DOJO &#8211; sala \u0107wicze\u0144"},"content":{"rendered":"<p><span style=\"color: #000000;\">G\u0142\u00f3wna siedziba Naszego Klubu to profesjonalna sala treningowa do sztuk walk. Posiadamy sprz\u0119t niezb\u0119dny do przeprowadzenia trening\u00f3w grupowych oraz indywidualnych. Na sali znajduj\u0105 si\u0119 maty, worki, tarcze oraz sprz\u0119t specjalistyczny do uprawiania trenowanych w Naszym Klubie Sztuk Walk.<\/span><\/p>\n<p>Zaj\u0119cia prowadzimy r\u00f3wnie\u017c w szko\u0142ach i przedszkolach.<\/p>\n<p><span style=\"color: #000000;\"><a style=\"color: #000000;\" href=\"https:\/\/www.ksw-tae.pl\/wp-content\/uploads\/2016\/03\/20160331_162829.jpg\" rel=\"attachment wp-att-1247\"><img loading=\"lazy\" decoding=\"async\" class=\"alignleft size-large wp-image-1247\" src=\"https:\/\/www.ksw-tae.pl\/wp-content\/uploads\/2016\/03\/20160331_162829-1024x576.jpg\" alt=\"20160331_162829\" width=\"654\" height=\"368\" srcset=\"https:\/\/www.ksw-tae.pl\/wp-content\/uploads\/2016\/03\/20160331_162829-1024x576.jpg 1024w, https:\/\/www.ksw-tae.pl\/wp-content\/uploads\/2016\/03\/20160331_162829-300x169.jpg 300w, https:\/\/www.ksw-tae.pl\/wp-content\/uploads\/2016\/03\/20160331_162829-768x432.jpg 768w, https:\/\/www.ksw-tae.pl\/wp-content\/uploads\/2016\/03\/20160331_162829-2x1.jpg 2w\" sizes=\"auto, (max-width: 654px) 100vw, 654px\" \/><\/a> <a style=\"color: #000000;\" href=\"https:\/\/www.ksw-tae.pl\/wp-content\/uploads\/2016\/03\/20160331_162857.jpg\" rel=\"attachment wp-att-1249\"><img loading=\"lazy\" decoding=\"async\" class=\"alignleft size-large wp-image-1249\" src=\"https:\/\/www.ksw-tae.pl\/wp-content\/uploads\/2016\/03\/20160331_162857-1024x576.jpg\" alt=\"20160331_162857\" width=\"654\" height=\"368\" srcset=\"https:\/\/www.ksw-tae.pl\/wp-content\/uploads\/2016\/03\/20160331_162857-1024x576.jpg 1024w, https:\/\/www.ksw-tae.pl\/wp-content\/uploads\/2016\/03\/20160331_162857-300x169.jpg 300w, https:\/\/www.ksw-tae.pl\/wp-content\/uploads\/2016\/03\/20160331_162857-768x432.jpg 768w, https:\/\/www.ksw-tae.pl\/wp-content\/uploads\/2016\/03\/20160331_162857-2x1.jpg 2w\" sizes=\"auto, (max-width: 654px) 100vw, 654px\" \/><\/a> <a style=\"color: #000000;\" href=\"https:\/\/www.ksw-tae.pl\/wp-content\/uploads\/2016\/03\/20160331_163039.jpg\" rel=\"attachment wp-att-1250\"><img loading=\"lazy\" decoding=\"async\" class=\"alignleft size-large wp-image-1250\" src=\"https:\/\/www.ksw-tae.pl\/wp-content\/uploads\/2016\/03\/20160331_163039-1024x576.jpg\" alt=\"20160331_163039\" width=\"654\" height=\"368\" srcset=\"https:\/\/www.ksw-tae.pl\/wp-content\/uploads\/2016\/03\/20160331_163039-1024x576.jpg 1024w, https:\/\/www.ksw-tae.pl\/wp-content\/uploads\/2016\/03\/20160331_163039-300x169.jpg 300w, https:\/\/www.ksw-tae.pl\/wp-content\/uploads\/2016\/03\/20160331_163039-768x432.jpg 768w, https:\/\/www.ksw-tae.pl\/wp-content\/uploads\/2016\/03\/20160331_163039-2x1.jpg 2w\" sizes=\"auto, (max-width: 654px) 100vw, 654px\" \/><\/a><\/span><\/p>\n","protected":false},"excerpt":{"rendered":"<p>G\u0142\u00f3wna siedziba Naszego Klubu to profesjonalna sala treningowa do sztuk walk. Posiadamy sprz\u0119t niezb\u0119dny do przeprowadzenia trening\u00f3w grupowych oraz indywidualnych. Na sali znajduj\u0105 si\u0119 maty, worki, tarcze oraz sprz\u0119t specjalistyczny do uprawiania trenowanych w Naszym Klubie Sztuk Walk. Zaj\u0119cia prowadzimy&#8230;<br \/><a class=\"read-more-button\" href=\"https:\/\/www.ksw-tae.pl\/?page_id=1205\">Read more<\/a><\/p>\n","protected":false},"author":1,"featured_media":0,"parent":104,"menu_order":2,"comment_status":"closed","ping_status":"closed","template":"","meta":{"om_disable_all_campaigns":false,"_monsterinsights_skip_tracking":false,"_monsterinsights_sitenote_active":false,"_monsterinsights_sitenote_note":"","_monsterinsights_sitenote_category":0,"footnotes":""},"class_list":["post-1205","page","type-page","status-publish","hentry"],"aioseo_notices":[],"_links":{"self":[{"href":"https:\/\/www.ksw-tae.pl\/index.php?rest_route=\/wp\/v2\/pages\/1205","targetHints":{"allow":["GET"]}}],"collection":[{"href":"https:\/\/www.ksw-tae.pl\/index.php?rest_route=\/wp\/v2\/pages"}],"about":[{"href":"https:\/\/www.ksw-tae.pl\/index.php?rest_route=\/wp\/v2\/types\/page"}],"author":[{"embeddable":true,"href":"https:\/\/www.ksw-tae.pl\/index.php?rest_route=\/wp\/v2\/users\/1"}],"replies":[{"embeddable":true,"href":"https:\/\/www.ksw-tae.pl\/index.php?rest_route=%2Fwp%2Fv2%2Fcomments&post=1205"}],"version-history":[{"count":7,"href":"https:\/\/www.ksw-tae.pl\/index.php?rest_route=\/wp\/v2\/pages\/1205\/revisions"}],"predecessor-version":[{"id":2694,"href":"https:\/\/www.ksw-tae.pl\/index.php?rest_route=\/wp\/v2\/pages\/1205\/revisions\/2694"}],"up":[{"embeddable":true,"href":"https:\/\/www.ksw-tae.pl\/index.php?rest_route=\/wp\/v2\/pages\/104"}],"wp:attachment":[{"href":"https:\/\/www.ksw-tae.pl\/index.php?rest_route=%2Fwp%2Fv2%2Fmedia&parent=1205"}],"curies":[{"name":"wp","href":"https:\/\/api.w.org\/{rel}","templated":true}]}}